{"id":100,"date":"2022-03-27T22:31:04","date_gmt":"2022-03-27T20:31:04","guid":{"rendered":"http:\/\/anncarre.com\/?page_id=100"},"modified":"2025-09-13T22:57:15","modified_gmt":"2025-09-13T20:57:15","slug":"un-peu-plus","status":"publish","type":"page","link":"https:\/\/anncarre.com\/index.php\/un-peu-plus\/","title":{"rendered":"A propos &#8230;"},"content":{"rendered":"\n<p><strong>Vous voulez en savoir un peu plus sur moi ? Comme je suis assez r\u00e9serv\u00e9e, je vous propose un portrait en mode &#8220;si j&#8217;\u00e9tais &#8230;&#8221; <\/strong><\/p>\n\n\n\n<figure class=\"wp-block-image size-large is-resized\"><img fetchpriority=\"high\" decoding=\"async\" width=\"724\" height=\"1024\" src=\"https:\/\/anncarre.com\/wp-content\/uploads\/2025\/09\/Plokie-SAb-724x1024.jpg\" alt=\"\" class=\"wp-image-390\" style=\"width:624px;height:auto\" srcset=\"https:\/\/anncarre.com\/wp-content\/uploads\/2025\/09\/Plokie-SAb-724x1024.jpg 724w, https:\/\/anncarre.com\/wp-content\/uploads\/2025\/09\/Plokie-SAb-212x300.jpg 212w, https:\/\/anncarre.com\/wp-content\/uploads\/2025\/09\/Plokie-SAb-2000x2829.jpg 2000w, https:\/\/anncarre.com\/wp-content\/uploads\/2025\/09\/Plokie-SAb-scaled-1086x1536.jpg 1086w, https:\/\/anncarre.com\/wp-content\/uploads\/2025\/09\/Plokie-SAb-scaled-1448x2048.jpg 1448w, https:\/\/anncarre.com\/wp-content\/uploads\/2025\/09\/Plokie-SAb-scaled-600x849.jpg 600w, https:\/\/anncarre.com\/wp-content\/uploads\/2025\/09\/Plokie-SAb-scaled-1200x1697.jpg 1200w, https:\/\/anncarre.com\/wp-content\/uploads\/2025\/09\/Plokie-SAb-scaled.jpg 1810w\" sizes=\"(max-width: 724px) 100vw, 724px\" \/><\/figure>\n\n\n\n<p>Image par <a href=\"https:\/\/www.instagram.com\/zedoras\/\">Sabine C.<\/a><\/p>\n\n\n\n<p><\/p>\n\n\n\n<p><strong>Si j\u2019\u00e9tais une saison, <\/strong>je seraisle printemps, parce que mon \u00e9nergie revient avec le soleil, les fleurs s\u2019ouvrent (et je ne suis pas allergique donc tout b\u00e9n\u00e9f).<\/p>\n\n\n\n<p><strong>Si j\u2019\u00e9tais un animal,<\/strong> je serais un chat pour dormir en continu et r\u00eaver le reste du temps<\/p>\n\n\n\n<p><strong>Si j\u2019\u00e9tais un signe astrologique<\/strong>, je serais balance<\/p>\n\n\n\n<p><strong>Si j\u2019\u00e9tais un schtroumpf,<\/strong> je serais le schtroumpf grognon (mais en vrai je rale pas, je fais avancer les choses)<\/p>\n\n\n\n<p><strong>Si j\u2019\u00e9tais une couleur<\/strong>, je seraisle bleu roi, parce qu\u2019elle me va bien tout simplement<\/p>\n\n\n\n<p><strong>Si j\u2019\u00e9tais un animal de fiction, <\/strong>je seraisBaloo, parce que c\u2019\u00e9tait aussi le nom de mon tout premier chien, et puis il a quand m\u00eame une super philosophie de vie.<\/p>\n\n\n\n<p><strong>Si j\u2019\u00e9tais un couvre-chef, <\/strong>je seraisune casserole parce que ma m\u00e8re m\u2019a toujours dit \u00ab on te mettrait une casserole sur la t\u00eate que \u00e7a t\u2019irait quand m\u00eame \u00bb<\/p>\n\n\n\n<p><strong>Si j\u2019\u00e9tais un lieu pour lire, <\/strong>je seraisun lit, sous la couette, id\u00e9alement avec un chat en sur-couette. Pourquoi ? C\u2019est \u00e9vident non ?<\/p>\n\n\n\n<p><strong>Si j\u2019\u00e9tais une couverture de livre, <\/strong>je seraismulticolore et qui ne r\u00e9v\u00e8le pas l\u2019int\u00e9rieur<\/p>\n\n\n\n<p><strong>Si j\u2019\u00e9tais une photo, <\/strong>je serais celle d\u2019un ciel \u00e9toil\u00e9,plein de r\u00eaves.<\/p>\n\n\n\n<p><strong>Si j\u2019\u00e9tais une odeur, <\/strong>je serais celle de la pluie sur la terre l\u2019\u00e9t\u00e9.<\/p>\n","protected":false},"excerpt":{"rendered":"<p>Vous voulez en savoir un peu plus sur moi ? Comme je suis assez r\u00e9serv\u00e9e, je vous propose un portrait en mode &#8220;si j&#8217;\u00e9tais &#8230;&#8221; Image par Sabine C. Si j\u2019\u00e9tais une saison, je seraisle printemps, parce que mon \u00e9nergie revient avec le soleil, les fleurs s\u2019ouvrent (et je ne suis pas allergique donc tout &hellip; <\/p>\n<p class=\"link-more\"><a href=\"https:\/\/anncarre.com\/index.php\/un-peu-plus\/\" class=\"more-link\">Read more<span class=\"screen-reader-text\"> &#8220;A propos &#8230;&#8221;<\/span><\/a><\/p>\n","protected":false},"author":1,"featured_media":0,"parent":0,"menu_order":0,"comment_status":"closed","ping_status":"closed","template":"","meta":{"footnotes":""},"class_list":["post-100","page","type-page","status-publish","hentry"],"yoast_head":"<!-- This site is optimized with the Yoast SEO plugin v27.4 - https:\/\/yoast.com\/product\/yoast-seo-wordpress\/ -->\n<title>A propos ... - Ann Carr\u00e9<\/title>\n<meta name=\"robots\" content=\"index, follow, max-snippet:-1, max-image-preview:large, max-video-preview:-1\" \/>\n<link rel=\"canonical\" href=\"https:\/\/anncarre.com\/index.php\/un-peu-plus\/\" \/>\n<meta property=\"og:locale\" content=\"en_US\" \/>\n<meta property=\"og:type\" content=\"article\" \/>\n<meta property=\"og:title\" content=\"A propos ... - Ann Carr\u00e9\" \/>\n<meta property=\"og:description\" content=\"Vous voulez en savoir un peu plus sur moi ? Comme je suis assez r\u00e9serv\u00e9e, je vous propose un portrait en mode &#8220;si j&#8217;\u00e9tais &#8230;&#8221; Image par Sabine C. Si j\u2019\u00e9tais une saison, je seraisle printemps, parce que mon \u00e9nergie revient avec le soleil, les fleurs s\u2019ouvrent (et je ne suis pas allergique donc tout &hellip; Read more &quot;A propos &#8230;&quot;\" \/>\n<meta property=\"og:url\" content=\"https:\/\/anncarre.com\/index.php\/un-peu-plus\/\" \/>\n<meta property=\"og:site_name\" content=\"Ann Carr\u00e9\" \/>\n<meta property=\"article:modified_time\" content=\"2025-09-13T20:57:15+00:00\" \/>\n<meta property=\"og:image\" content=\"https:\/\/anncarre.com\/wp-content\/uploads\/2025\/09\/Plokie-SAb-scaled.jpg\" \/>\n\t<meta property=\"og:image:width\" content=\"1810\" \/>\n\t<meta property=\"og:image:height\" content=\"2560\" \/>\n\t<meta property=\"og:image:type\" content=\"image\/jpeg\" \/>\n<meta name=\"twitter:card\" content=\"summary_large_image\" \/>\n<meta name=\"twitter:label1\" content=\"Est. reading time\" \/>\n\t<meta name=\"twitter:data1\" content=\"2 minutes\" \/>\n<script type=\"application\/ld+json\" class=\"yoast-schema-graph\">{\"@context\":\"https:\\\/\\\/schema.org\",\"@graph\":[{\"@type\":\"WebPage\",\"@id\":\"https:\\\/\\\/anncarre.com\\\/index.php\\\/un-peu-plus\\\/\",\"url\":\"https:\\\/\\\/anncarre.com\\\/index.php\\\/un-peu-plus\\\/\",\"name\":\"A propos ... - Ann Carr\u00e9\",\"isPartOf\":{\"@id\":\"https:\\\/\\\/anncarre.com\\\/#website\"},\"primaryImageOfPage\":{\"@id\":\"https:\\\/\\\/anncarre.com\\\/index.php\\\/un-peu-plus\\\/#primaryimage\"},\"image\":{\"@id\":\"https:\\\/\\\/anncarre.com\\\/index.php\\\/un-peu-plus\\\/#primaryimage\"},\"thumbnailUrl\":\"https:\\\/\\\/anncarre.com\\\/wp-content\\\/uploads\\\/2025\\\/09\\\/Plokie-SAb-724x1024.jpg\",\"datePublished\":\"2022-03-27T20:31:04+00:00\",\"dateModified\":\"2025-09-13T20:57:15+00:00\",\"breadcrumb\":{\"@id\":\"https:\\\/\\\/anncarre.com\\\/index.php\\\/un-peu-plus\\\/#breadcrumb\"},\"inLanguage\":\"en-US\",\"potentialAction\":[{\"@type\":\"ReadAction\",\"target\":[\"https:\\\/\\\/anncarre.com\\\/index.php\\\/un-peu-plus\\\/\"]}]},{\"@type\":\"ImageObject\",\"inLanguage\":\"en-US\",\"@id\":\"https:\\\/\\\/anncarre.com\\\/index.php\\\/un-peu-plus\\\/#primaryimage\",\"url\":\"https:\\\/\\\/anncarre.com\\\/wp-content\\\/uploads\\\/2025\\\/09\\\/Plokie-SAb-scaled.jpg\",\"contentUrl\":\"https:\\\/\\\/anncarre.com\\\/wp-content\\\/uploads\\\/2025\\\/09\\\/Plokie-SAb-scaled.jpg\",\"width\":1810,\"height\":2560},{\"@type\":\"BreadcrumbList\",\"@id\":\"https:\\\/\\\/anncarre.com\\\/index.php\\\/un-peu-plus\\\/#breadcrumb\",\"itemListElement\":[{\"@type\":\"ListItem\",\"position\":1,\"name\":\"Accueil\",\"item\":\"https:\\\/\\\/anncarre.com\\\/\"},{\"@type\":\"ListItem\",\"position\":2,\"name\":\"A propos &#8230;\"}]},{\"@type\":\"WebSite\",\"@id\":\"https:\\\/\\\/anncarre.com\\\/#website\",\"url\":\"https:\\\/\\\/anncarre.com\\\/\",\"name\":\"Ann Carr\u00e9\",\"description\":\"Ann Carre, Autrice\",\"publisher\":{\"@id\":\"https:\\\/\\\/anncarre.com\\\/#\\\/schema\\\/person\\\/e1f8541a235e8797713518f94424c684\"},\"potentialAction\":[{\"@type\":\"SearchAction\",\"target\":{\"@type\":\"EntryPoint\",\"urlTemplate\":\"https:\\\/\\\/anncarre.com\\\/?s={search_term_string}\"},\"query-input\":{\"@type\":\"PropertyValueSpecification\",\"valueRequired\":true,\"valueName\":\"search_term_string\"}}],\"inLanguage\":\"en-US\"},{\"@type\":[\"Person\",\"Organization\"],\"@id\":\"https:\\\/\\\/anncarre.com\\\/#\\\/schema\\\/person\\\/e1f8541a235e8797713518f94424c684\",\"name\":\"Ann Carr\u00e9\",\"image\":{\"@type\":\"ImageObject\",\"inLanguage\":\"en-US\",\"@id\":\"https:\\\/\\\/anncarre.com\\\/wp-content\\\/uploads\\\/2022\\\/03\\\/piliers-creation-J2.png\",\"url\":\"https:\\\/\\\/anncarre.com\\\/wp-content\\\/uploads\\\/2022\\\/03\\\/piliers-creation-J2.png\",\"contentUrl\":\"https:\\\/\\\/anncarre.com\\\/wp-content\\\/uploads\\\/2022\\\/03\\\/piliers-creation-J2.png\",\"width\":1127,\"height\":409,\"caption\":\"Ann Carr\u00e9\"},\"logo\":{\"@id\":\"https:\\\/\\\/anncarre.com\\\/wp-content\\\/uploads\\\/2022\\\/03\\\/piliers-creation-J2.png\"},\"sameAs\":[\"http:\\\/\\\/anncarre.com\",\"https:\\\/\\\/instagram\\\/plokie_ann_carre\"]}]}<\/script>\n<!-- \/ Yoast SEO plugin. -->","yoast_head_json":{"title":"A propos ... - Ann Carr\u00e9","robots":{"index":"index","follow":"follow","max-snippet":"max-snippet:-1","max-image-preview":"max-image-preview:large","max-video-preview":"max-video-preview:-1"},"canonical":"https:\/\/anncarre.com\/index.php\/un-peu-plus\/","og_locale":"en_US","og_type":"article","og_title":"A propos ... - Ann Carr\u00e9","og_description":"Vous voulez en savoir un peu plus sur moi ? Comme je suis assez r\u00e9serv\u00e9e, je vous propose un portrait en mode &#8220;si j&#8217;\u00e9tais &#8230;&#8221; Image par Sabine C. Si j\u2019\u00e9tais une saison, je seraisle printemps, parce que mon \u00e9nergie revient avec le soleil, les fleurs s\u2019ouvrent (et je ne suis pas allergique donc tout &hellip; Read more \"A propos &#8230;\"","og_url":"https:\/\/anncarre.com\/index.php\/un-peu-plus\/","og_site_name":"Ann Carr\u00e9","article_modified_time":"2025-09-13T20:57:15+00:00","og_image":[{"width":1810,"height":2560,"url":"https:\/\/anncarre.com\/wp-content\/uploads\/2025\/09\/Plokie-SAb-scaled.jpg","type":"image\/jpeg"}],"twitter_card":"summary_large_image","twitter_misc":{"Est. reading time":"2 minutes"},"schema":{"@context":"https:\/\/schema.org","@graph":[{"@type":"WebPage","@id":"https:\/\/anncarre.com\/index.php\/un-peu-plus\/","url":"https:\/\/anncarre.com\/index.php\/un-peu-plus\/","name":"A propos ... - Ann Carr\u00e9","isPartOf":{"@id":"https:\/\/anncarre.com\/#website"},"primaryImageOfPage":{"@id":"https:\/\/anncarre.com\/index.php\/un-peu-plus\/#primaryimage"},"image":{"@id":"https:\/\/anncarre.com\/index.php\/un-peu-plus\/#primaryimage"},"thumbnailUrl":"https:\/\/anncarre.com\/wp-content\/uploads\/2025\/09\/Plokie-SAb-724x1024.jpg","datePublished":"2022-03-27T20:31:04+00:00","dateModified":"2025-09-13T20:57:15+00:00","breadcrumb":{"@id":"https:\/\/anncarre.com\/index.php\/un-peu-plus\/#breadcrumb"},"inLanguage":"en-US","potentialAction":[{"@type":"ReadAction","target":["https:\/\/anncarre.com\/index.php\/un-peu-plus\/"]}]},{"@type":"ImageObject","inLanguage":"en-US","@id":"https:\/\/anncarre.com\/index.php\/un-peu-plus\/#primaryimage","url":"https:\/\/anncarre.com\/wp-content\/uploads\/2025\/09\/Plokie-SAb-scaled.jpg","contentUrl":"https:\/\/anncarre.com\/wp-content\/uploads\/2025\/09\/Plokie-SAb-scaled.jpg","width":1810,"height":2560},{"@type":"BreadcrumbList","@id":"https:\/\/anncarre.com\/index.php\/un-peu-plus\/#breadcrumb","itemListElement":[{"@type":"ListItem","position":1,"name":"Accueil","item":"https:\/\/anncarre.com\/"},{"@type":"ListItem","position":2,"name":"A propos &#8230;"}]},{"@type":"WebSite","@id":"https:\/\/anncarre.com\/#website","url":"https:\/\/anncarre.com\/","name":"Ann Carr\u00e9","description":"Ann Carre, Autrice","publisher":{"@id":"https:\/\/anncarre.com\/#\/schema\/person\/e1f8541a235e8797713518f94424c684"},"potentialAction":[{"@type":"SearchAction","target":{"@type":"EntryPoint","urlTemplate":"https:\/\/anncarre.com\/?s={search_term_string}"},"query-input":{"@type":"PropertyValueSpecification","valueRequired":true,"valueName":"search_term_string"}}],"inLanguage":"en-US"},{"@type":["Person","Organization"],"@id":"https:\/\/anncarre.com\/#\/schema\/person\/e1f8541a235e8797713518f94424c684","name":"Ann Carr\u00e9","image":{"@type":"ImageObject","inLanguage":"en-US","@id":"https:\/\/anncarre.com\/wp-content\/uploads\/2022\/03\/piliers-creation-J2.png","url":"https:\/\/anncarre.com\/wp-content\/uploads\/2022\/03\/piliers-creation-J2.png","contentUrl":"https:\/\/anncarre.com\/wp-content\/uploads\/2022\/03\/piliers-creation-J2.png","width":1127,"height":409,"caption":"Ann Carr\u00e9"},"logo":{"@id":"https:\/\/anncarre.com\/wp-content\/uploads\/2022\/03\/piliers-creation-J2.png"},"sameAs":["http:\/\/anncarre.com","https:\/\/instagram\/plokie_ann_carre"]}]}},"featured_media_urls":[],"_links":{"self":[{"href":"https:\/\/anncarre.com\/index.php\/wp-json\/wp\/v2\/pages\/100","targetHints":{"allow":["GET"]}}],"collection":[{"href":"https:\/\/anncarre.com\/index.php\/wp-json\/wp\/v2\/pages"}],"about":[{"href":"https:\/\/anncarre.com\/index.php\/wp-json\/wp\/v2\/types\/page"}],"author":[{"embeddable":true,"href":"https:\/\/anncarre.com\/index.php\/wp-json\/wp\/v2\/users\/1"}],"replies":[{"embeddable":true,"href":"https:\/\/anncarre.com\/index.php\/wp-json\/wp\/v2\/comments?post=100"}],"version-history":[{"count":5,"href":"https:\/\/anncarre.com\/index.php\/wp-json\/wp\/v2\/pages\/100\/revisions"}],"predecessor-version":[{"id":395,"href":"https:\/\/anncarre.com\/index.php\/wp-json\/wp\/v2\/pages\/100\/revisions\/395"}],"wp:attachment":[{"href":"https:\/\/anncarre.com\/index.php\/wp-json\/wp\/v2\/media?parent=100"}],"curies":[{"name":"wp","href":"https:\/\/api.w.org\/{rel}","templated":true}]}}